{"id":2089,"date":"2024-09-07T16:10:44","date_gmt":"2024-09-07T21:10:44","guid":{"rendered":"https:\/\/joicestore.com\/home\/"},"modified":"2026-05-09T19:34:46","modified_gmt":"2026-05-10T00:34:46","slug":"home","status":"publish","type":"page","link":"https:\/\/joicestore.com\/en\/","title":{"rendered":"Home"},"content":{"rendered":"<div data-elementor-type=\"wp-page\" data-elementor-id=\"2089\" class=\"elementor elementor-2089\" wpc-filter-elementor-widget=\"1\">\n\t\t\t\t<div class=\"elementor-element elementor-element-undefined-74c0532 e-con-full e-flex e-con e-parent\" data-id=\"undefined-74c0532\" data-element_type=\"container\" data-e-type=\"container\" data-settings=\"{&quot;background_background&quot;:&quot;classic&quot;}\">\n\t\t<div class=\"elementor-element elementor-element-undefined-cde75cc e-con-full e-flex e-con e-child\" data-id=\"undefined-cde75cc\" data-element_type=\"container\" data-e-type=\"container\">\n\t\t<div class=\"elementor-element elementor-element-262dc93 e-con-full e-flex e-con e-child\" data-id=\"262dc93\" data-element_type=\"container\" data-e-type=\"container\" data-settings=\"{&quot;background_background&quot;:&quot;classic&quot;}\">\n\t\t\t\t<div class=\"elementor-element elementor-element-3a99cfb elementor-widget elementor-widget-heading\" data-id=\"3a99cfb\" data-element_type=\"widget\" data-e-type=\"widget\" data-widget_type=\"heading.default\">\n\t\t\t\t<div class=\"elementor-widget-container\">\n\t\t\t\t\t<h2 class=\"elementor-heading-title elementor-size-default\"><a href=\"https:\/\/joicestore.com\/en\/shop\/?orderby=date\">Nueva Colecci\u00f3n | Mayo<\/a><\/h2>\t\t\t\t<\/div>\n\t\t\t\t<\/div>\n\t\t\t\t<\/div>\n\t\t\t\t<div class=\"elementor-element elementor-element-undefined-4f58144 elementor-widget-tablet__width-inherit elementor-widget elementor-widget-heading\" data-id=\"undefined-4f58144\" data-element_type=\"widget\" data-e-type=\"widget\" data-widget_type=\"heading.default\">\n\t\t\t\t<div class=\"elementor-widget-container\">\n\t\t\t\t\t<h2 class=\"elementor-heading-title elementor-size-default\">Calidad que enamora..<\/h2>\t\t\t\t<\/div>\n\t\t\t\t<\/div>\n\t\t\t\t<div class=\"elementor-element elementor-element-f0c5d98 elementor-align-center elementor-mobile-align-center elementor-widget elementor-widget-button\" data-id=\"f0c5d98\" data-element_type=\"widget\" data-e-type=\"widget\" data-widget_type=\"button.default\">\n\t\t\t\t<div class=\"elementor-widget-container\">\n\t\t\t\t\t\t\t\t\t<div class=\"elementor-button-wrapper\">\n\t\t\t\t\t<a class=\"elementor-button elementor-button-link elementor-size-sm\" href=\"https:\/\/joicestore.com\/en\/shop\/\">\n\t\t\t\t\t\t<span class=\"elementor-button-content-wrapper\">\n\t\t\t\t\t\t\t\t\t<span class=\"elementor-button-text\">Ver Cat\u00e1logo<\/span>\n\t\t\t\t\t<\/span>\n\t\t\t\t\t<\/a>\n\t\t\t\t<\/div>\n\t\t\t\t\t\t\t\t<\/div>\n\t\t\t\t<\/div>\n\t\t\t\t<div class=\"elementor-element elementor-element-54a246b elementor-hidden-mobile elementor-widget elementor-widget-text-editor\" data-id=\"54a246b\" data-element_type=\"widget\" data-e-type=\"widget\" data-widget_type=\"text-editor.default\">\n\t\t\t\t<div class=\"elementor-widget-container\">\n\t\t\t\t\t\t\t\t\t<p>Te presentamos una selecci\u00f3n exclusiva de moda colombiana, donde cada pieza es un testimonio de calidad y dise\u00f1o impecable. Cada colecci\u00f3n est\u00e1 dedicada a ti, <strong>la mujer paname\u00f1a<\/strong>, para que cada d\u00eda te sientas tan incre\u00edble como eres. Nuestras prendas no solo visten, sino que inspiran confianza y celebran una elegancia innata.<\/p><p>Disfruta de una tarde en nuestra boutique o d\u00e9janos llevar la magia a tu puerta con una entrega perfectamente coordinada. Porque cada compra debe ser un momento especial para ti.<\/p>\t\t\t\t\t\t\t\t<\/div>\n\t\t\t\t<\/div>\n\t\t\t\t<\/div>\n\t\t\t\t<\/div>\n\t\t<div class=\"elementor-element elementor-element-8d51b87 e-flex e-con-boxed e-con e-parent\" data-id=\"8d51b87\" data-element_type=\"container\" data-e-type=\"container\">\n\t\t\t\t\t<div class=\"e-con-inner\">\n\t\t\t\t<div class=\"elementor-element elementor-element-6715f6d elementor-widget elementor-widget-shopengine-product-category-lists\" data-id=\"6715f6d\" data-element_type=\"widget\" data-e-type=\"widget\" data-widget_type=\"shopengine-product-category-lists.default\">\n\t\t\t\t<div class=\"elementor-widget-container\">\n\t\t\t\t\t<div class=\"shopengine shopengine-widget\"><\/div>\t\t\t\t<\/div>\n\t\t\t\t<\/div>\n\t\t\t\t<div class=\"elementor-element elementor-element-e15b13b elementor-widget elementor-widget-shopengine-product-category-lists\" data-id=\"e15b13b\" data-element_type=\"widget\" data-e-type=\"widget\" data-widget_type=\"shopengine-product-category-lists.default\">\n\t\t\t\t<div class=\"elementor-widget-container\">\n\t\t\t\t\t<div class=\"shopengine shopengine-widget\"><\/div>\t\t\t\t<\/div>\n\t\t\t\t<\/div>\n\t\t\t\t\t<\/div>\n\t\t\t\t<\/div>\n\t\t<div class=\"elementor-element elementor-element-584b77d e-flex e-con-boxed e-con e-parent\" data-id=\"584b77d\" data-element_type=\"container\" data-e-type=\"container\">\n\t\t\t\t\t<div class=\"e-con-inner\">\n\t\t\t\t\t<\/div>\n\t\t\t\t<\/div>\n\t\t\t\t<\/div>","protected":false},"excerpt":{"rendered":"<p>Nueva Colecci\u00f3n | Mayo Calidad que enamora.. Ver Cat\u00e1logo Te presentamos una selecci\u00f3n exclusiva de moda colombiana, donde cada pieza es un testimonio de calidad y dise\u00f1o impecable. Cada colecci\u00f3n est\u00e1 dedicada a ti, la mujer paname\u00f1a, para que cada d\u00eda te sientas tan incre\u00edble como eres. Nuestras prendas no solo visten, sino que inspiran [&hellip;]<\/p>\n","protected":false},"author":1,"featured_media":0,"parent":0,"menu_order":0,"comment_status":"closed","ping_status":"closed","template":"","meta":{"site-sidebar-layout":"no-sidebar","site-content-layout":"plain-container","ast-site-content-layout":"full-width-container","site-content-style":"unboxed","site-sidebar-style":"unboxed","ast-global-header-display":"","ast-banner-title-visibility":"","ast-main-header-display":"","ast-hfb-above-header-display":"","ast-hfb-below-header-display":"","ast-hfb-mobile-header-display":"","site-post-title":"disabled","ast-breadcrumbs-content":"","ast-featured-img":"disabled","footer-sml-layout":"","ast-disable-related-posts":"","theme-transparent-header-meta":"enabled","adv-header-id-meta":"","stick-header-meta":"","header-above-stick-meta":"","header-main-stick-meta":"","header-below-stick-meta":"","astra-migrate-meta-layouts":"set","ast-page-background-enabled":"default","ast-page-background-meta":{"desktop":{"background-color":"","background-image":"","background-repeat":"repeat","background-position":"center center","background-size":"auto","background-attachment":"scroll","background-type":"","background-media":"","overlay-type":"","overlay-color":"","overlay-opacity":"","overlay-gradient":""},"tablet":{"background-color":"","background-image":"","background-repeat":"repeat","background-position":"center center","background-size":"auto","background-attachment":"scroll","background-type":"","background-media":"","overlay-type":"","overlay-color":"","overlay-opacity":"","overlay-gradient":""},"mobile":{"background-color":"","background-image":"","background-repeat":"repeat","background-position":"center center","background-size":"auto","background-attachment":"scroll","background-type":"","background-media":"","overlay-type":"","overlay-color":"","overlay-opacity":"","overlay-gradient":""}},"ast-content-background-meta":{"desktop":{"background-color":"var(--ast-global-color-5)","background-image":"","background-repeat":"repeat","background-position":"center center","background-size":"auto","background-attachment":"scroll","background-type":"","background-media":"","overlay-type":"","overlay-color":"","overlay-opacity":"","overlay-gradient":""},"tablet":{"background-color":"var(--ast-global-color-5)","background-image":"","background-repeat":"repeat","background-position":"center center","background-size":"auto","background-attachment":"scroll","background-type":"","background-media":"","overlay-type":"","overlay-color":"","overlay-opacity":"","overlay-gradient":""},"mobile":{"background-color":"var(--ast-global-color-5)","background-image":"","background-repeat":"repeat","background-position":"center center","background-size":"auto","background-attachment":"scroll","background-type":"","background-media":"","overlay-type":"","overlay-color":"","overlay-opacity":"","overlay-gradient":""}},"footnotes":""},"class_list":["post-2089","page","type-page","status-publish","hentry"],"_links":{"self":[{"href":"https:\/\/joicestore.com\/en\/wp-json\/wp\/v2\/pages\/2089","targetHints":{"allow":["GET"]}}],"collection":[{"href":"https:\/\/joicestore.com\/en\/wp-json\/wp\/v2\/pages"}],"about":[{"href":"https:\/\/joicestore.com\/en\/wp-json\/wp\/v2\/types\/page"}],"author":[{"embeddable":true,"href":"https:\/\/joicestore.com\/en\/wp-json\/wp\/v2\/users\/1"}],"replies":[{"embeddable":true,"href":"https:\/\/joicestore.com\/en\/wp-json\/wp\/v2\/comments?post=2089"}],"version-history":[{"count":15,"href":"https:\/\/joicestore.com\/en\/wp-json\/wp\/v2\/pages\/2089\/revisions"}],"predecessor-version":[{"id":9619,"href":"https:\/\/joicestore.com\/en\/wp-json\/wp\/v2\/pages\/2089\/revisions\/9619"}],"wp:attachment":[{"href":"https:\/\/joicestore.com\/en\/wp-json\/wp\/v2\/media?parent=2089"}],"curies":[{"name":"wp","href":"https:\/\/api.w.org\/{rel}","templated":true}]}}