{"id":3004,"date":"2024-09-25T14:17:15","date_gmt":"2024-09-25T19:17:15","guid":{"rendered":"https:\/\/joicestore.com\/?post_type=product&#038;p=3004"},"modified":"2024-10-27T12:51:47","modified_gmt":"2024-10-27T17:51:47","slug":"billetera-de-cuero-para-hombre-cafe-golden","status":"publish","type":"product","link":"https:\/\/joicestore.com\/en\/product\/billetera-de-cuero-para-hombre-cafe-golden\/","title":{"rendered":"Billetera de cuero para hombre Caf\u00e9 Golden"},"content":{"rendered":"<h3>Si est\u00e1s buscando una billetera de cuero para hombre caf\u00e9 que combine estilo y calidad, \u00a1tenemos justo lo que necesitas! Te presentamos nuestra billetera de cuero colombiano, disponible en Panam\u00e1.<\/h3>\n<p>&nbsp;<\/p>\n<p>Este elegante accesorio no solo destaca por su hermoso acabado de Velez, sino que tambi\u00e9n est\u00e1 dise\u00f1ado para durar. Perfecta para aquellos que aprecian la artesan\u00eda de alta calidad y desean llevar consigo un toque de distinci\u00f3n en su d\u00eda a d\u00eda.<\/p>\n<p>No dejes pasar la oportunidad de lucir con clase y funcionalidad. \u00a1Ven y descubre la billetera de cuero para hombre que har\u00e1 que tu estilo brille!<\/p>\n<p><a href=\"https:\/\/joicestore.com\/en\/product-category\/hombre\/accesorios-hombre\/\"><strong>Accesorios para hombres<\/strong><\/a><\/p>","protected":false},"excerpt":{"rendered":"<p>Billetera de cuero para hombre\u00a0<span style=\"font-size: 16px; font-style: normal; font-weight: 400;\">caf\u00e9 claro <\/span><span style=\"font-size: 16px;\">hecha con cuero colombiano te\u00f1ido, con la excelente calidad y acabado artesanal de V\u00e9lez disponible para entrega inmediata en Ciudad de Panam\u00e1, Panam\u00e1 Oeste y Estados Unidos.<\/span><\/p>","protected":false},"featured_media":3005,"template":"","meta":{"site-sidebar-layout":"default","site-content-layout":"","ast-site-content-layout":"default","site-content-style":"default","site-sidebar-style":"default","ast-global-header-display":"","ast-banner-title-visibility":"","ast-main-header-display":"","ast-hfb-above-header-display":"","ast-hfb-below-header-display":"","ast-hfb-mobile-header-display":"","site-post-title":"","ast-breadcrumbs-content":"","ast-featured-img":"","footer-sml-layout":"","ast-disable-related-posts":"","theme-transparent-header-meta":"default","adv-header-id-meta":"","stick-header-meta":"","header-above-stick-meta":"","header-main-stick-meta":"","header-below-stick-meta":"","astra-migrate-meta-layouts":"set","ast-page-background-enabled":"default","ast-page-background-meta":{"desktop":{"background-color":"","background-image":"","background-repeat":"repeat","background-position":"center center","background-size":"auto","background-attachment":"scroll","background-type":"","background-media":"","overlay-type":"","overlay-color":"","overlay-opacity":"","overlay-gradient":""},"tablet":{"background-color":"","background-image":"","background-repeat":"repeat","background-position":"center center","background-size":"auto","background-attachment":"scroll","background-type":"","background-media":"","overlay-type":"","overlay-color":"","overlay-opacity":"","overlay-gradient":""},"mobile":{"background-color":"","background-image":"","background-repeat":"repeat","background-position":"center center","background-size":"auto","background-attachment":"scroll","background-type":"","background-media":"","overlay-type":"","overlay-color":"","overlay-opacity":"","overlay-gradient":""}},"ast-content-background-meta":{"desktop":{"background-color":"var(--ast-global-color-5)","background-image":"","background-repeat":"repeat","background-position":"center center","background-size":"auto","background-attachment":"scroll","background-type":"","background-media":"","overlay-type":"","overlay-color":"","overlay-opacity":"","overlay-gradient":""},"tablet":{"background-color":"var(--ast-global-color-5)","background-image":"","background-repeat":"repeat","background-position":"center center","background-size":"auto","background-attachment":"scroll","background-type":"","background-media":"","overlay-type":"","overlay-color":"","overlay-opacity":"","overlay-gradient":""},"mobile":{"background-color":"var(--ast-global-color-5)","background-image":"","background-repeat":"repeat","background-position":"center center","background-size":"auto","background-attachment":"scroll","background-type":"","background-media":"","overlay-type":"","overlay-color":"","overlay-opacity":"","overlay-gradient":""}}},"product_brand":[],"product_cat":[126,66],"product_tag":[],"class_list":{"0":"post-3004","1":"product","2":"type-product","3":"status-publish","4":"has-post-thumbnail","6":"product_cat-billeteras-para-hombres","7":"product_cat-hombre","8":"desktop-align-center","9":"tablet-align-center","10":"mobile-align-center","12":"first","13":"instock","14":"taxable","15":"shipping-taxable","16":"purchasable","17":"product-type-simple"},"_links":{"self":[{"href":"https:\/\/joicestore.com\/en\/wp-json\/wp\/v2\/product\/3004","targetHints":{"allow":["GET"]}}],"collection":[{"href":"https:\/\/joicestore.com\/en\/wp-json\/wp\/v2\/product"}],"about":[{"href":"https:\/\/joicestore.com\/en\/wp-json\/wp\/v2\/types\/product"}],"wp:featuredmedia":[{"embeddable":true,"href":"https:\/\/joicestore.com\/en\/wp-json\/wp\/v2\/media\/3005"}],"wp:attachment":[{"href":"https:\/\/joicestore.com\/en\/wp-json\/wp\/v2\/media?parent=3004"}],"wp:term":[{"taxonomy":"product_brand","embeddable":true,"href":"https:\/\/joicestore.com\/en\/wp-json\/wp\/v2\/product_brand?post=3004"},{"taxonomy":"product_cat","embeddable":true,"href":"https:\/\/joicestore.com\/en\/wp-json\/wp\/v2\/product_cat?post=3004"},{"taxonomy":"product_tag","embeddable":true,"href":"https:\/\/joicestore.com\/en\/wp-json\/wp\/v2\/product_tag?post=3004"}],"curies":[{"name":"wp","href":"https:\/\/api.w.org\/{rel}","templated":true}]}}