{"id":3042,"date":"2024-09-25T20:03:23","date_gmt":"2024-09-26T01:03:23","guid":{"rendered":"https:\/\/joicestore.com\/?post_type=product&#038;p=3042"},"modified":"2025-07-21T19:09:01","modified_gmt":"2025-07-22T00:09:01","slug":"cinturon-de-cuero-cafe-para-dama","status":"publish","type":"product","link":"https:\/\/joicestore.com\/en\/product\/cinturon-de-cuero-cafe-para-dama\/","title":{"rendered":"Cintur\u00f3n de cuero caf\u00e9 para dama V\u00e9lez"},"content":{"rendered":"<h5 style=\"text-align: center;\">Les presentamos un encantador cintur\u00f3n\u00a0 de cuero caf\u00e9 para dama<\/h5>\n<p>Perfecto para darle un toque especial a tu estilo. Lo mejor de todo es que lo puedes recibir c\u00f3modamente en la puerta de tu casa, ya sea en Panam\u00e1 o en los Estados Unidos.<\/p>\n<p>&nbsp;<\/p>\n<p style=\"text-align: center;\"><a href=\"https:\/\/joicestore.com\/en\/product-category\/mujer\/accesorios-para-mujer\/\"><strong>Accesorios para mujer<\/strong><\/a><\/p>","protected":false},"excerpt":{"rendered":"<p>Les traemos un fabuloso cintur\u00f3n\u00a0 de cuero en un elegante color caf\u00e9 claro de la reconocido fabricante V\u00e9lez. Este cintur\u00f3n no solo es un accesorio, sino una declaraci\u00f3n de estilo. El color natural del cuero y su hebilla plateada le da un acabado sofisticado que lo convierte en el complemento perfecto para cualquier outfit. No dejes pasar la oportunidad de lucirlo y destacar tu estilo personal con este cintur\u00f3n de cuero caf\u00e9 para dama.<\/p>","protected":false},"featured_media":0,"template":"","meta":{"site-sidebar-layout":"default","site-content-layout":"","ast-site-content-layout":"default","site-content-style":"default","site-sidebar-style":"default","ast-global-header-display":"","ast-banner-title-visibility":"","ast-main-header-display":"","ast-hfb-above-header-display":"","ast-hfb-below-header-display":"","ast-hfb-mobile-header-display":"","site-post-title":"","ast-breadcrumbs-content":"","ast-featured-img":"","footer-sml-layout":"","ast-disable-related-posts":"","theme-transparent-header-meta":"default","adv-header-id-meta":"","stick-header-meta":"","header-above-stick-meta":"","header-main-stick-meta":"","header-below-stick-meta":"","astra-migrate-meta-layouts":"set","ast-page-background-enabled":"default","ast-page-background-meta":{"desktop":{"background-color":"","background-image":"","background-repeat":"repeat","background-position":"center center","background-size":"auto","background-attachment":"scroll","background-type":"","background-media":"","overlay-type":"","overlay-color":"","overlay-opacity":"","overlay-gradient":""},"tablet":{"background-color":"","background-image":"","background-repeat":"repeat","background-position":"center center","background-size":"auto","background-attachment":"scroll","background-type":"","background-media":"","overlay-type":"","overlay-color":"","overlay-opacity":"","overlay-gradient":""},"mobile":{"background-color":"","background-image":"","background-repeat":"repeat","background-position":"center center","background-size":"auto","background-attachment":"scroll","background-type":"","background-media":"","overlay-type":"","overlay-color":"","overlay-opacity":"","overlay-gradient":""}},"ast-content-background-meta":{"desktop":{"background-color":"var(--ast-global-color-5)","background-image":"","background-repeat":"repeat","background-position":"center center","background-size":"auto","background-attachment":"scroll","background-type":"","background-media":"","overlay-type":"","overlay-color":"","overlay-opacity":"","overlay-gradient":""},"tablet":{"background-color":"var(--ast-global-color-5)","background-image":"","background-repeat":"repeat","background-position":"center center","background-size":"auto","background-attachment":"scroll","background-type":"","background-media":"","overlay-type":"","overlay-color":"","overlay-opacity":"","overlay-gradient":""},"mobile":{"background-color":"var(--ast-global-color-5)","background-image":"","background-repeat":"repeat","background-position":"center center","background-size":"auto","background-attachment":"scroll","background-type":"","background-media":"","overlay-type":"","overlay-color":"","overlay-opacity":"","overlay-gradient":""}}},"product_brand":[],"product_cat":[76,68,81],"product_tag":[],"class_list":{"0":"post-3042","1":"product","2":"type-product","3":"status-publish","5":"product_cat-correas-para-mujer","6":"product_cat-mujer","7":"product_cat-accesorios-para-dama","8":"pa_marca-velez","9":"pa_talla-m","10":"desktop-align-center","11":"tablet-align-center","12":"mobile-align-center","14":"first","15":"instock","16":"taxable","17":"shipping-taxable","18":"purchasable","19":"product-type-variable","20":"has-default-attributes"},"_links":{"self":[{"href":"https:\/\/joicestore.com\/en\/wp-json\/wp\/v2\/product\/3042","targetHints":{"allow":["GET"]}}],"collection":[{"href":"https:\/\/joicestore.com\/en\/wp-json\/wp\/v2\/product"}],"about":[{"href":"https:\/\/joicestore.com\/en\/wp-json\/wp\/v2\/types\/product"}],"wp:attachment":[{"href":"https:\/\/joicestore.com\/en\/wp-json\/wp\/v2\/media?parent=3042"}],"wp:term":[{"taxonomy":"product_brand","embeddable":true,"href":"https:\/\/joicestore.com\/en\/wp-json\/wp\/v2\/product_brand?post=3042"},{"taxonomy":"product_cat","embeddable":true,"href":"https:\/\/joicestore.com\/en\/wp-json\/wp\/v2\/product_cat?post=3042"},{"taxonomy":"product_tag","embeddable":true,"href":"https:\/\/joicestore.com\/en\/wp-json\/wp\/v2\/product_tag?post=3042"}],"curies":[{"name":"wp","href":"https:\/\/api.w.org\/{rel}","templated":true}]}}