{"id":3430,"date":"2024-10-14T10:37:22","date_gmt":"2024-10-14T15:37:22","guid":{"rendered":"https:\/\/joicestore.com\/?post_type=product&#038;p=3430"},"modified":"2026-02-21T18:09:34","modified_gmt":"2026-02-21T23:09:34","slug":"jean-fiara-con-bolsillos","status":"publish","type":"product","link":"https:\/\/joicestore.com\/en\/product\/jean-fiara-con-bolsillos\/","title":{"rendered":"Jeans levanta cola Fiara con bolsillos traseros"},"content":{"rendered":"<h5 style=\"text-align: center;\">Si est\u00e1s buscando la combinaci\u00f3n perfecta de estilo y comodidad, no busques m\u00e1s. Te presentamos los jeans Fiara con bolsillos traseros<\/h5>\n<p>Lo mejor de todo es que lo puedes recibir c\u00f3modamente en la puerta de tu casa, ya sea en Panam\u00e1 o en los Estados Unidos.<\/p>\n<p>&nbsp;<\/p>\n<p style=\"text-align: center;\"><a href=\"https:\/\/joicestore.com\/en\/product-category\/mujer\/accesorios-para-dama\/\"><strong>Accesorios para Ellas<\/strong><\/a><\/p>","protected":false},"excerpt":{"rendered":"<p>Te presentamos los jeans levanta cola Fiara con bolsillos traseros, una prenda que no solo se ajusta a tu figura, sino que tambi\u00e9n resalta tus curvas de manera espectacular.<\/p>\n<p>Estos jeans son tobilleros y cuentan con un tiro alto que proporciona un excelente control del abdomen, d\u00e1ndote una silueta estilizada y elegante. Con su horma y fabricaci\u00f3n colombiana, los jeans levantacola Fiara son sin\u00f3nimo de calidad y estilo. Adem\u00e1s, su corte skinny se adapta perfectamente a cualquier ocasi\u00f3n, ya sea para un d\u00eda casual o una salida especial.<\/p>\n<p>As\u00ed que, si est\u00e1s lista para lucir espectacular y sentirte c\u00f3moda al mismo tiempo, no dudes en a\u00f1adir estos jeans Fiara con bolsillos traseros a tu guardarropa. \u00a1Te encantar\u00e1n!<\/p>","protected":false},"featured_media":3434,"template":"","meta":{"site-sidebar-layout":"default","site-content-layout":"","ast-site-content-layout":"default","site-content-style":"default","site-sidebar-style":"default","ast-global-header-display":"","ast-banner-title-visibility":"","ast-main-header-display":"","ast-hfb-above-header-display":"","ast-hfb-below-header-display":"","ast-hfb-mobile-header-display":"","site-post-title":"","ast-breadcrumbs-content":"","ast-featured-img":"","footer-sml-layout":"","ast-disable-related-posts":"","theme-transparent-header-meta":"default","adv-header-id-meta":"","stick-header-meta":"","header-above-stick-meta":"","header-main-stick-meta":"","header-below-stick-meta":"","astra-migrate-meta-layouts":"set","ast-page-background-enabled":"default","ast-page-background-meta":{"desktop":{"background-color":"","background-image":"","background-repeat":"repeat","background-position":"center center","background-size":"auto","background-attachment":"scroll","background-type":"","background-media":"","overlay-type":"","overlay-color":"","overlay-opacity":"","overlay-gradient":""},"tablet":{"background-color":"","background-image":"","background-repeat":"repeat","background-position":"center center","background-size":"auto","background-attachment":"scroll","background-type":"","background-media":"","overlay-type":"","overlay-color":"","overlay-opacity":"","overlay-gradient":""},"mobile":{"background-color":"","background-image":"","background-repeat":"repeat","background-position":"center center","background-size":"auto","background-attachment":"scroll","background-type":"","background-media":"","overlay-type":"","overlay-color":"","overlay-opacity":"","overlay-gradient":""}},"ast-content-background-meta":{"desktop":{"background-color":"var(--ast-global-color-5)","background-image":"","background-repeat":"repeat","background-position":"center center","background-size":"auto","background-attachment":"scroll","background-type":"","background-media":"","overlay-type":"","overlay-color":"","overlay-opacity":"","overlay-gradient":""},"tablet":{"background-color":"var(--ast-global-color-5)","background-image":"","background-repeat":"repeat","background-position":"center center","background-size":"auto","background-attachment":"scroll","background-type":"","background-media":"","overlay-type":"","overlay-color":"","overlay-opacity":"","overlay-gradient":""},"mobile":{"background-color":"var(--ast-global-color-5)","background-image":"","background-repeat":"repeat","background-position":"center center","background-size":"auto","background-attachment":"scroll","background-type":"","background-media":"","overlay-type":"","overlay-color":"","overlay-opacity":"","overlay-gradient":""}}},"product_brand":[],"product_cat":[68,160],"product_tag":[],"class_list":{"0":"post-3430","1":"product","2":"type-product","3":"status-publish","4":"has-post-thumbnail","6":"product_cat-mujer","7":"product_cat-ofertas","8":"pa_talla-116","9":"pa_talla-115","10":"desktop-align-center","11":"tablet-align-center","12":"mobile-align-center","14":"first","15":"instock","16":"sale","17":"taxable","18":"shipping-taxable","19":"purchasable","20":"product-type-variable"},"_links":{"self":[{"href":"https:\/\/joicestore.com\/en\/wp-json\/wp\/v2\/product\/3430","targetHints":{"allow":["GET"]}}],"collection":[{"href":"https:\/\/joicestore.com\/en\/wp-json\/wp\/v2\/product"}],"about":[{"href":"https:\/\/joicestore.com\/en\/wp-json\/wp\/v2\/types\/product"}],"wp:featuredmedia":[{"embeddable":true,"href":"https:\/\/joicestore.com\/en\/wp-json\/wp\/v2\/media\/3434"}],"wp:attachment":[{"href":"https:\/\/joicestore.com\/en\/wp-json\/wp\/v2\/media?parent=3430"}],"wp:term":[{"taxonomy":"product_brand","embeddable":true,"href":"https:\/\/joicestore.com\/en\/wp-json\/wp\/v2\/product_brand?post=3430"},{"taxonomy":"product_cat","embeddable":true,"href":"https:\/\/joicestore.com\/en\/wp-json\/wp\/v2\/product_cat?post=3430"},{"taxonomy":"product_tag","embeddable":true,"href":"https:\/\/joicestore.com\/en\/wp-json\/wp\/v2\/product_tag?post=3430"}],"curies":[{"name":"wp","href":"https:\/\/api.w.org\/{rel}","templated":true}]}}