{"id":3547,"date":"2024-10-15T12:14:20","date_gmt":"2024-10-15T17:14:20","guid":{"rendered":"https:\/\/joicestore.com\/?post_type=product&#038;p=3547"},"modified":"2025-09-09T18:42:20","modified_gmt":"2025-09-09T23:42:20","slug":"pantalon-cocoa-ancho-negro","status":"publish","type":"product","link":"https:\/\/joicestore.com\/en\/product\/pantalon-cocoa-ancho-negro\/","title":{"rendered":"Pantal\u00f3n ancho Cocoa color negro"},"content":{"rendered":"<h5 style=\"text-align: center;\">Pantal\u00f3n Cocoa Ancho Negro<\/h5>\n<p>Lo mejor de todo es que lo puedes recibir c\u00f3modamente en la puerta de tu casa, ya sea en Panam\u00e1 o en los Estados Unidos.<\/p>\n<p>&nbsp;<\/p>\n<p><a href=\"https:\/\/joicestore.com\/en\/product-category\/mujer\/\"><strong>Ropa Para Ellas<\/strong><\/a><\/p>\n<p><a href=\"https:\/\/www.instagram.com\/joice_store_pa\/\" target=\"_blank\" rel=\"noopener\"><img decoding=\"async\" class=\"alignnone wp-image-4044\" src=\"https:\/\/joicestore.com\/wp-content\/uploads\/2024\/10\/IG-logo.jpg\" alt=\"\" width=\"30\" height=\"28\" srcset=\"https:\/\/joicestore.com\/wp-content\/uploads\/2024\/10\/IG-logo.jpg 204w, https:\/\/joicestore.com\/wp-content\/uploads\/2024\/10\/IG-logo-13x12.jpg 13w, https:\/\/joicestore.com\/wp-content\/uploads\/2024\/10\/IG-logo-96x90.jpg 96w\" sizes=\"(max-width: 30px) 100vw, 30px\" \/><\/a> <a href=\"https:\/\/www.instagram.com\/joice_store_pa\/\" target=\"_blank\" rel=\"noopener\"><strong>joice_store_pa<\/strong><\/a><\/p>","protected":false},"excerpt":{"rendered":"<p>Elegante pantal\u00f3n ancho negro de vestir de la marca Cocoa. Este modelo, en talla 14, combina a la perfecci\u00f3n la comodidad y el estilo, gracias a su mezcla de fibras de algod\u00f3n y spandex que le otorgan una elongaci\u00f3n ideal. Perfecto para cualquier ocasi\u00f3n! \u00a1No te lo pierdas y dale un toque chic a tus outfits!<\/p>","protected":false},"featured_media":3553,"template":"","meta":{"site-sidebar-layout":"default","site-content-layout":"","ast-site-content-layout":"default","site-content-style":"default","site-sidebar-style":"default","ast-global-header-display":"","ast-banner-title-visibility":"","ast-main-header-display":"","ast-hfb-above-header-display":"","ast-hfb-below-header-display":"","ast-hfb-mobile-header-display":"","site-post-title":"","ast-breadcrumbs-content":"","ast-featured-img":"","footer-sml-layout":"","ast-disable-related-posts":"","theme-transparent-header-meta":"default","adv-header-id-meta":"","stick-header-meta":"","header-above-stick-meta":"","header-main-stick-meta":"","header-below-stick-meta":"","astra-migrate-meta-layouts":"set","ast-page-background-enabled":"default","ast-page-background-meta":{"desktop":{"background-color":"","background-image":"","background-repeat":"repeat","background-position":"center center","background-size":"auto","background-attachment":"scroll","background-type":"","background-media":"","overlay-type":"","overlay-color":"","overlay-opacity":"","overlay-gradient":""},"tablet":{"background-color":"","background-image":"","background-repeat":"repeat","background-position":"center center","background-size":"auto","background-attachment":"scroll","background-type":"","background-media":"","overlay-type":"","overlay-color":"","overlay-opacity":"","overlay-gradient":""},"mobile":{"background-color":"","background-image":"","background-repeat":"repeat","background-position":"center center","background-size":"auto","background-attachment":"scroll","background-type":"","background-media":"","overlay-type":"","overlay-color":"","overlay-opacity":"","overlay-gradient":""}},"ast-content-background-meta":{"desktop":{"background-color":"var(--ast-global-color-5)","background-image":"","background-repeat":"repeat","background-position":"center center","background-size":"auto","background-attachment":"scroll","background-type":"","background-media":"","overlay-type":"","overlay-color":"","overlay-opacity":"","overlay-gradient":""},"tablet":{"background-color":"var(--ast-global-color-5)","background-image":"","background-repeat":"repeat","background-position":"center center","background-size":"auto","background-attachment":"scroll","background-type":"","background-media":"","overlay-type":"","overlay-color":"","overlay-opacity":"","overlay-gradient":""},"mobile":{"background-color":"var(--ast-global-color-5)","background-image":"","background-repeat":"repeat","background-position":"center center","background-size":"auto","background-attachment":"scroll","background-type":"","background-media":"","overlay-type":"","overlay-color":"","overlay-opacity":"","overlay-gradient":""}}},"product_brand":[],"product_cat":[102,68,160],"product_tag":[],"class_list":{"0":"post-3547","1":"product","2":"type-product","3":"status-publish","4":"has-post-thumbnail","6":"product_cat-pantalones","7":"product_cat-mujer","8":"product_cat-ofertas","9":"pa_marca-cocoa","10":"pa_talla-115","11":"desktop-align-center","12":"tablet-align-center","13":"mobile-align-center","15":"first","16":"instock","17":"sale","18":"taxable","19":"shipping-taxable","20":"purchasable","21":"product-type-variable","22":"has-default-attributes"},"_links":{"self":[{"href":"https:\/\/joicestore.com\/en\/wp-json\/wp\/v2\/product\/3547","targetHints":{"allow":["GET"]}}],"collection":[{"href":"https:\/\/joicestore.com\/en\/wp-json\/wp\/v2\/product"}],"about":[{"href":"https:\/\/joicestore.com\/en\/wp-json\/wp\/v2\/types\/product"}],"wp:featuredmedia":[{"embeddable":true,"href":"https:\/\/joicestore.com\/en\/wp-json\/wp\/v2\/media\/3553"}],"wp:attachment":[{"href":"https:\/\/joicestore.com\/en\/wp-json\/wp\/v2\/media?parent=3547"}],"wp:term":[{"taxonomy":"product_brand","embeddable":true,"href":"https:\/\/joicestore.com\/en\/wp-json\/wp\/v2\/product_brand?post=3547"},{"taxonomy":"product_cat","embeddable":true,"href":"https:\/\/joicestore.com\/en\/wp-json\/wp\/v2\/product_cat?post=3547"},{"taxonomy":"product_tag","embeddable":true,"href":"https:\/\/joicestore.com\/en\/wp-json\/wp\/v2\/product_tag?post=3547"}],"curies":[{"name":"wp","href":"https:\/\/api.w.org\/{rel}","templated":true}]}}