{"id":4042,"date":"2024-10-27T14:21:02","date_gmt":"2024-10-27T19:21:02","guid":{"rendered":"https:\/\/joicestore.com\/?post_type=product&#038;p=4042"},"modified":"2026-03-15T19:10:38","modified_gmt":"2026-03-16T00:10:38","slug":"faja-colombiana-tipo-chaleco-negra","status":"publish","type":"product","link":"https:\/\/joicestore.com\/en\/product\/faja-colombiana-tipo-chaleco-negra\/","title":{"rendered":"Faja colombiana tipo chaleco de alta compresi\u00f3n"},"content":{"rendered":"<h5>Una faja colombiana tipo chaleco es ideal poder lucir esa blusa ajustada o ese vestido que tanto te gusta, realzando tus curvas de la mejor manera, para quienes buscan un toque adicional de estilo y confianza.<\/h5>\n<p>Maravillosa faja colombiana tipo chaleco en un elegante color negro. Te har\u00e1 sentir c\u00f3moda y segura mientras brindar\u00e1 ese soporte que deseas. As\u00ed que no esperes m\u00e1s, \u00a1hazte un regalo y siente la magia de la faja colombiana! \ud83d\udda4\u2728 Tu figura te lo agradecer\u00e1 y t\u00fa tambi\u00e9n.<\/p>\n<h5>Ver:<\/h5>\n<p><strong><a href=\"https:\/\/joicestore.com\/en\/product-category\/mujer\/jeans-colombianos-en-panama\/\">Jeans Levanta cola<\/a><\/strong><\/p>\n<p>&nbsp;<\/p>\n<p><img decoding=\"async\" class=\"alignnone wp-image-4044\" src=\"https:\/\/joicestore.com\/wp-content\/uploads\/2024\/10\/IG-logo.jpg\" alt=\"\" width=\"40\" height=\"38\" srcset=\"https:\/\/joicestore.com\/wp-content\/uploads\/2024\/10\/IG-logo.jpg 204w, https:\/\/joicestore.com\/wp-content\/uploads\/2024\/10\/IG-logo-13x12.jpg 13w, https:\/\/joicestore.com\/wp-content\/uploads\/2024\/10\/IG-logo-96x90.jpg 96w\" sizes=\"(max-width: 40px) 100vw, 40px\" \/><strong><a class=\"x1i10hfl xjbqb8w x1ejq31n xd10rxx x1sy0etr x17r0tee x972fbf xcfux6l x1qhh985 xm0m39n x9f619 x1ypdohk xt0psk2 xe8uvvx xdj266r x11i5rnm xat24cr x1mh8g0r xexx8yu x4uap5 x18d9i69 xkhd6sd x16tdsg8 x1hl2dhg xggy1nq x1a2a7pz x5n08af xwhw2v2 x6ikm8r x10wlt62 xlyipyv x9n4tj2 _a6hd\" tabindex=\"0\" role=\"link\" href=\"https:\/\/www.instagram.com\/joice_store_pa\/\" target=\"_blank\" rel=\"noopener\">joice_store_pa<\/a><\/strong><\/p>","protected":false},"excerpt":{"rendered":"<p>Si est\u00e1s buscando el aliado perfecto para realzar tu figura, no busques m\u00e1s. Te presentamos esta maravillosa faja colombiana tipo chaleco en un elegante color negro. Esta faja no solo te brindar\u00e1 ese soporte que deseas, sino que tambi\u00e9n te har\u00e1 sentir c\u00f3moda y segura en cualquier ocasi\u00f3n.<\/p>","protected":false},"featured_media":4052,"template":"","meta":{"site-sidebar-layout":"default","site-content-layout":"","ast-site-content-layout":"default","site-content-style":"default","site-sidebar-style":"default","ast-global-header-display":"","ast-banner-title-visibility":"","ast-main-header-display":"","ast-hfb-above-header-display":"","ast-hfb-below-header-display":"","ast-hfb-mobile-header-display":"","site-post-title":"","ast-breadcrumbs-content":"","ast-featured-img":"","footer-sml-layout":"","ast-disable-related-posts":"","theme-transparent-header-meta":"default","adv-header-id-meta":"","stick-header-meta":"","header-above-stick-meta":"","header-main-stick-meta":"","header-below-stick-meta":"","astra-migrate-meta-layouts":"set","ast-page-background-enabled":"default","ast-page-background-meta":{"desktop":{"background-color":"","background-image":"","background-repeat":"repeat","background-position":"center center","background-size":"auto","background-attachment":"scroll","background-type":"","background-media":"","overlay-type":"","overlay-color":"","overlay-opacity":"","overlay-gradient":""},"tablet":{"background-color":"","background-image":"","background-repeat":"repeat","background-position":"center center","background-size":"auto","background-attachment":"scroll","background-type":"","background-media":"","overlay-type":"","overlay-color":"","overlay-opacity":"","overlay-gradient":""},"mobile":{"background-color":"","background-image":"","background-repeat":"repeat","background-position":"center center","background-size":"auto","background-attachment":"scroll","background-type":"","background-media":"","overlay-type":"","overlay-color":"","overlay-opacity":"","overlay-gradient":""}},"ast-content-background-meta":{"desktop":{"background-color":"var(--ast-global-color-5)","background-image":"","background-repeat":"repeat","background-position":"center center","background-size":"auto","background-attachment":"scroll","background-type":"","background-media":"","overlay-type":"","overlay-color":"","overlay-opacity":"","overlay-gradient":""},"tablet":{"background-color":"var(--ast-global-color-5)","background-image":"","background-repeat":"repeat","background-position":"center center","background-size":"auto","background-attachment":"scroll","background-type":"","background-media":"","overlay-type":"","overlay-color":"","overlay-opacity":"","overlay-gradient":""},"mobile":{"background-color":"var(--ast-global-color-5)","background-image":"","background-repeat":"repeat","background-position":"center center","background-size":"auto","background-attachment":"scroll","background-type":"","background-media":"","overlay-type":"","overlay-color":"","overlay-opacity":"","overlay-gradient":""}}},"product_brand":[],"product_cat":[72,68],"product_tag":[],"class_list":{"0":"post-4042","1":"product","2":"type-product","3":"status-publish","4":"has-post-thumbnail","6":"product_cat-fajas-en-panama","7":"product_cat-mujer","8":"pa_marca-curvyflex","9":"pa_talla-s","10":"pa_talla-m","11":"pa_talla-l","12":"pa_talla-xl","13":"desktop-align-center","14":"tablet-align-center","15":"mobile-align-center","17":"first","18":"instock","19":"taxable","20":"shipping-taxable","21":"purchasable","22":"product-type-variable"},"_links":{"self":[{"href":"https:\/\/joicestore.com\/en\/wp-json\/wp\/v2\/product\/4042","targetHints":{"allow":["GET"]}}],"collection":[{"href":"https:\/\/joicestore.com\/en\/wp-json\/wp\/v2\/product"}],"about":[{"href":"https:\/\/joicestore.com\/en\/wp-json\/wp\/v2\/types\/product"}],"wp:featuredmedia":[{"embeddable":true,"href":"https:\/\/joicestore.com\/en\/wp-json\/wp\/v2\/media\/4052"}],"wp:attachment":[{"href":"https:\/\/joicestore.com\/en\/wp-json\/wp\/v2\/media?parent=4042"}],"wp:term":[{"taxonomy":"product_brand","embeddable":true,"href":"https:\/\/joicestore.com\/en\/wp-json\/wp\/v2\/product_brand?post=4042"},{"taxonomy":"product_cat","embeddable":true,"href":"https:\/\/joicestore.com\/en\/wp-json\/wp\/v2\/product_cat?post=4042"},{"taxonomy":"product_tag","embeddable":true,"href":"https:\/\/joicestore.com\/en\/wp-json\/wp\/v2\/product_tag?post=4042"}],"curies":[{"name":"wp","href":"https:\/\/api.w.org\/{rel}","templated":true}]}}