{"id":4243,"date":"2025-01-05T12:49:29","date_gmt":"2025-01-05T17:49:29","guid":{"rendered":"https:\/\/joicestore.com\/?post_type=product&#038;p=4243"},"modified":"2026-02-11T18:53:45","modified_gmt":"2026-02-11T23:53:45","slug":"pantalon-leggins-campana-satinado","status":"publish","type":"product","link":"https:\/\/joicestore.com\/en\/product\/pantalon-leggins-campana-satinado\/","title":{"rendered":"Leggins moldeador Levanta cola Satinado Acampanado"},"content":{"rendered":"<p style=\"text-align: center;\">\u00a1Compra tus leggins campana satinado hoy mismo y atr\u00e9vete a deslumbrar!<\/p>\n<p>Lo mejor de todo es que lo puedes recibir c\u00f3modamente en la puerta de tu casa, ya sea en Panam\u00e1 o en los Estados Unidos.<\/p>\n<p>&nbsp;<\/p>\n<p><a href=\"https:\/\/joicestore.com\/en\/product-category\/mujer\/\"><strong>Ropa Para Ellas<\/strong><\/a><\/p>\n<p>&nbsp;<\/p>\n<p><img decoding=\"async\" class=\"alignnone wp-image-4044\" src=\"https:\/\/joicestore.com\/wp-content\/uploads\/2024\/10\/IG-logo.jpg\" alt=\"\" width=\"40\" height=\"38\" srcset=\"https:\/\/joicestore.com\/wp-content\/uploads\/2024\/10\/IG-logo.jpg 204w, https:\/\/joicestore.com\/wp-content\/uploads\/2024\/10\/IG-logo-13x12.jpg 13w, https:\/\/joicestore.com\/wp-content\/uploads\/2024\/10\/IG-logo-96x90.jpg 96w\" sizes=\"(max-width: 40px) 100vw, 40px\" \/><strong><a class=\"x1i10hfl xjbqb8w x1ejq31n xd10rxx x1sy0etr x17r0tee x972fbf xcfux6l x1qhh985 xm0m39n x9f619 x1ypdohk xt0psk2 xe8uvvx xdj266r x11i5rnm xat24cr x1mh8g0r xexx8yu x4uap5 x18d9i69 xkhd6sd x16tdsg8 x1hl2dhg xggy1nq x1a2a7pz x5n08af xwhw2v2 x6ikm8r x10wlt62 xlyipyv x9n4tj2 _a6hd\" tabindex=\"0\" role=\"link\" href=\"https:\/\/www.instagram.com\/joice_store_pa\/\" target=\"_blank\" rel=\"noopener\">joice_store_pa<\/a><\/strong><\/p>","protected":false},"excerpt":{"rendered":"<p>\u00a1Descubre la comodidad y el estilo con nuestros incre\u00edbles leggins campana satinado! Dise\u00f1ados especialmente para realzar tu figura, estos leggins est\u00e1n elaborados con tela gruesa Suplex satinada con apariencia de cuerina en una mezcla perfecta de algod\u00f3n y elastano, lo que los hace s\u00faper c\u00f3modos a la vez que comprimen.<\/p>\n<p>Con talla \u00fanica y un tiro alto, ofrecen un excelente control del abdomen, brind\u00e1ndote esa silueta deseada. Adem\u00e1s, su horma y fabricaci\u00f3n 100% colombiana garantizan calidad y un fit ideal.<\/p>\n<p>No esperes m\u00e1s para lucir espectacular y sentirte fabulosa.<\/p>","protected":false},"featured_media":4276,"template":"","meta":{"site-sidebar-layout":"default","site-content-layout":"","ast-site-content-layout":"default","site-content-style":"default","site-sidebar-style":"default","ast-global-header-display":"","ast-banner-title-visibility":"","ast-main-header-display":"","ast-hfb-above-header-display":"","ast-hfb-below-header-display":"","ast-hfb-mobile-header-display":"","site-post-title":"","ast-breadcrumbs-content":"","ast-featured-img":"","footer-sml-layout":"","ast-disable-related-posts":"","theme-transparent-header-meta":"default","adv-header-id-meta":"","stick-header-meta":"","header-above-stick-meta":"","header-main-stick-meta":"","header-below-stick-meta":"","astra-migrate-meta-layouts":"set","ast-page-background-enabled":"default","ast-page-background-meta":{"desktop":{"background-color":"","background-image":"","background-repeat":"repeat","background-position":"center center","background-size":"auto","background-attachment":"scroll","background-type":"","background-media":"","overlay-type":"","overlay-color":"","overlay-opacity":"","overlay-gradient":""},"tablet":{"background-color":"","background-image":"","background-repeat":"repeat","background-position":"center center","background-size":"auto","background-attachment":"scroll","background-type":"","background-media":"","overlay-type":"","overlay-color":"","overlay-opacity":"","overlay-gradient":""},"mobile":{"background-color":"","background-image":"","background-repeat":"repeat","background-position":"center center","background-size":"auto","background-attachment":"scroll","background-type":"","background-media":"","overlay-type":"","overlay-color":"","overlay-opacity":"","overlay-gradient":""}},"ast-content-background-meta":{"desktop":{"background-color":"var(--ast-global-color-5)","background-image":"","background-repeat":"repeat","background-position":"center center","background-size":"auto","background-attachment":"scroll","background-type":"","background-media":"","overlay-type":"","overlay-color":"","overlay-opacity":"","overlay-gradient":""},"tablet":{"background-color":"var(--ast-global-color-5)","background-image":"","background-repeat":"repeat","background-position":"center center","background-size":"auto","background-attachment":"scroll","background-type":"","background-media":"","overlay-type":"","overlay-color":"","overlay-opacity":"","overlay-gradient":""},"mobile":{"background-color":"var(--ast-global-color-5)","background-image":"","background-repeat":"repeat","background-position":"center center","background-size":"auto","background-attachment":"scroll","background-type":"","background-media":"","overlay-type":"","overlay-color":"","overlay-opacity":"","overlay-gradient":""}}},"product_brand":[],"product_cat":[106,68],"product_tag":[],"class_list":{"0":"post-4243","1":"product","2":"type-product","3":"status-publish","4":"has-post-thumbnail","6":"product_cat-leggings-levanta-cola","7":"product_cat-mujer","8":"pa_talla-m-l","9":"desktop-align-center","10":"tablet-align-center","11":"mobile-align-center","13":"first","14":"instock","15":"taxable","16":"shipping-taxable","17":"purchasable","18":"product-type-variable"},"_links":{"self":[{"href":"https:\/\/joicestore.com\/en\/wp-json\/wp\/v2\/product\/4243","targetHints":{"allow":["GET"]}}],"collection":[{"href":"https:\/\/joicestore.com\/en\/wp-json\/wp\/v2\/product"}],"about":[{"href":"https:\/\/joicestore.com\/en\/wp-json\/wp\/v2\/types\/product"}],"wp:featuredmedia":[{"embeddable":true,"href":"https:\/\/joicestore.com\/en\/wp-json\/wp\/v2\/media\/4276"}],"wp:attachment":[{"href":"https:\/\/joicestore.com\/en\/wp-json\/wp\/v2\/media?parent=4243"}],"wp:term":[{"taxonomy":"product_brand","embeddable":true,"href":"https:\/\/joicestore.com\/en\/wp-json\/wp\/v2\/product_brand?post=4243"},{"taxonomy":"product_cat","embeddable":true,"href":"https:\/\/joicestore.com\/en\/wp-json\/wp\/v2\/product_cat?post=4243"},{"taxonomy":"product_tag","embeddable":true,"href":"https:\/\/joicestore.com\/en\/wp-json\/wp\/v2\/product_tag?post=4243"}],"curies":[{"name":"wp","href":"https:\/\/api.w.org\/{rel}","templated":true}]}}