{"id":4556,"date":"2025-01-23T11:58:00","date_gmt":"2025-01-23T16:58:00","guid":{"rendered":"https:\/\/joicestore.com\/?post_type=product&#038;p=4556"},"modified":"2026-03-16T18:30:52","modified_gmt":"2026-03-16T23:30:52","slug":"faja-colombiana-entera-media-pierna-busto","status":"publish","type":"product","link":"https:\/\/joicestore.com\/en\/product\/faja-colombiana-entera-media-pierna-busto\/","title":{"rendered":"Faja colombiana entera de alta compresi\u00f3n y tiras delgadas"},"content":{"rendered":"<h5 style=\"text-align: center;\"><strong>\u00a1Descubre el poder transformador de la faja colombiana entera a media pierna!<\/strong><\/h5>\n<p>Este producto no solo te brinda una silueta espectacular, sino que tambi\u00e9n te empodera para sentirte segura y confiada en cada paso que des. Imagina la sensaci\u00f3n de tener un soporte firme que abraza tu figura, realzando tus curvas de manera natural.<\/p>\n<p>La faja colombiana entera hasta los muslos es m\u00e1s que una prenda; es una herramienta que te acompa\u00f1a en tu viaje hacia la mejor versi\u00f3n de ti misma. Ya sea que te est\u00e9s preparando para una ocasi\u00f3n especial o simplemente desees sentirte fabulosa en tu d\u00eda a d\u00eda, esta faja es el aliado perfecto en tu armario.<\/p>\n<p>No esperes m\u00e1s para experimentar la magia de la faja colombiana entera a media pierna. S\u00e9 parte de una comunidad de mujeres que se sienten inspiradas y empoderadas, y haz de cada d\u00eda una celebraci\u00f3n de tu belleza \u00fanica. \u00a1Elige sentirte bien y brillar con confianza!<\/p>\n<h5>Ver:<\/h5>\n<p><strong><a href=\"https:\/\/joicestore.com\/en\/product-category\/mujer\/jeans-colombianos-en-panama\/\">Jeans Levanta cola<\/a><\/strong><\/p>\n<p>&nbsp;<\/p>\n<p><img decoding=\"async\" class=\"alignnone wp-image-4044\" src=\"https:\/\/joicestore.com\/wp-content\/uploads\/2024\/10\/IG-logo.jpg\" alt=\"\" width=\"40\" height=\"38\" srcset=\"https:\/\/joicestore.com\/wp-content\/uploads\/2024\/10\/IG-logo.jpg 204w, https:\/\/joicestore.com\/wp-content\/uploads\/2024\/10\/IG-logo-13x12.jpg 13w, https:\/\/joicestore.com\/wp-content\/uploads\/2024\/10\/IG-logo-96x90.jpg 96w\" sizes=\"(max-width: 40px) 100vw, 40px\" \/><strong><a class=\"x1i10hfl xjbqb8w x1ejq31n xd10rxx x1sy0etr x17r0tee x972fbf xcfux6l x1qhh985 xm0m39n x9f619 x1ypdohk xt0psk2 xe8uvvx xdj266r x11i5rnm xat24cr x1mh8g0r xexx8yu x4uap5 x18d9i69 xkhd6sd x16tdsg8 x1hl2dhg xggy1nq x1a2a7pz x5n08af xwhw2v2 x6ikm8r x10wlt62 xlyipyv x9n4tj2 _a6hd\" tabindex=\"0\" role=\"link\" href=\"https:\/\/www.instagram.com\/joice_store_pa\/\" target=\"_blank\" rel=\"noopener\">joice_store_pa<\/a><\/strong><\/p>","protected":false},"excerpt":{"rendered":"<p>Te presentamos esta maravillosa faja colombiana entera a media pierna. Esta fabulosa faja no solo se ajusta perfectamente a tu figura, sino que tambi\u00e9n te acompa\u00f1a hasta los muslos, ofreciendo la comodidad y confianza que tanto necesitas.<\/p>\n<p>Imagina lucir esa silueta esculpida y sentirte incre\u00edblemente c\u00f3moda durante todo el d\u00eda. Ya sea para una ocasi\u00f3n especial o para tu d\u00eda a d\u00eda, esta faja es el complemento ideal para cualquier outfit. \u00a1An\u00edmate a probarla y descubre la magia de la faja colombiana!<\/p>","protected":false},"featured_media":4564,"template":"","meta":{"site-sidebar-layout":"default","site-content-layout":"","ast-site-content-layout":"default","site-content-style":"default","site-sidebar-style":"default","ast-global-header-display":"","ast-banner-title-visibility":"","ast-main-header-display":"","ast-hfb-above-header-display":"","ast-hfb-below-header-display":"","ast-hfb-mobile-header-display":"","site-post-title":"","ast-breadcrumbs-content":"","ast-featured-img":"","footer-sml-layout":"","ast-disable-related-posts":"","theme-transparent-header-meta":"default","adv-header-id-meta":"","stick-header-meta":"","header-above-stick-meta":"","header-main-stick-meta":"","header-below-stick-meta":"","astra-migrate-meta-layouts":"set","ast-page-background-enabled":"default","ast-page-background-meta":{"desktop":{"background-color":"","background-image":"","background-repeat":"repeat","background-position":"center center","background-size":"auto","background-attachment":"scroll","background-type":"","background-media":"","overlay-type":"","overlay-color":"","overlay-opacity":"","overlay-gradient":""},"tablet":{"background-color":"","background-image":"","background-repeat":"repeat","background-position":"center center","background-size":"auto","background-attachment":"scroll","background-type":"","background-media":"","overlay-type":"","overlay-color":"","overlay-opacity":"","overlay-gradient":""},"mobile":{"background-color":"","background-image":"","background-repeat":"repeat","background-position":"center center","background-size":"auto","background-attachment":"scroll","background-type":"","background-media":"","overlay-type":"","overlay-color":"","overlay-opacity":"","overlay-gradient":""}},"ast-content-background-meta":{"desktop":{"background-color":"var(--ast-global-color-5)","background-image":"","background-repeat":"repeat","background-position":"center center","background-size":"auto","background-attachment":"scroll","background-type":"","background-media":"","overlay-type":"","overlay-color":"","overlay-opacity":"","overlay-gradient":""},"tablet":{"background-color":"var(--ast-global-color-5)","background-image":"","background-repeat":"repeat","background-position":"center center","background-size":"auto","background-attachment":"scroll","background-type":"","background-media":"","overlay-type":"","overlay-color":"","overlay-opacity":"","overlay-gradient":""},"mobile":{"background-color":"var(--ast-global-color-5)","background-image":"","background-repeat":"repeat","background-position":"center center","background-size":"auto","background-attachment":"scroll","background-type":"","background-media":"","overlay-type":"","overlay-color":"","overlay-opacity":"","overlay-gradient":""}}},"product_brand":[],"product_cat":[72,68,137],"product_tag":[],"class_list":{"0":"post-4556","1":"product","2":"type-product","3":"status-publish","4":"has-post-thumbnail","6":"product_cat-fajas-en-panama","7":"product_cat-mujer","8":"product_cat-talla-plus","9":"pa_talla-s","10":"pa_talla-m","11":"pa_talla-l","12":"pa_talla-xl","13":"pa_talla-2xl","14":"pa_talla-3xl","15":"desktop-align-center","16":"tablet-align-center","17":"mobile-align-center","19":"first","20":"instock","21":"taxable","22":"shipping-taxable","23":"purchasable","24":"product-type-variable"},"_links":{"self":[{"href":"https:\/\/joicestore.com\/en\/wp-json\/wp\/v2\/product\/4556","targetHints":{"allow":["GET"]}}],"collection":[{"href":"https:\/\/joicestore.com\/en\/wp-json\/wp\/v2\/product"}],"about":[{"href":"https:\/\/joicestore.com\/en\/wp-json\/wp\/v2\/types\/product"}],"wp:featuredmedia":[{"embeddable":true,"href":"https:\/\/joicestore.com\/en\/wp-json\/wp\/v2\/media\/4564"}],"wp:attachment":[{"href":"https:\/\/joicestore.com\/en\/wp-json\/wp\/v2\/media?parent=4556"}],"wp:term":[{"taxonomy":"product_brand","embeddable":true,"href":"https:\/\/joicestore.com\/en\/wp-json\/wp\/v2\/product_brand?post=4556"},{"taxonomy":"product_cat","embeddable":true,"href":"https:\/\/joicestore.com\/en\/wp-json\/wp\/v2\/product_cat?post=4556"},{"taxonomy":"product_tag","embeddable":true,"href":"https:\/\/joicestore.com\/en\/wp-json\/wp\/v2\/product_tag?post=4556"}],"curies":[{"name":"wp","href":"https:\/\/api.w.org\/{rel}","templated":true}]}}