{"id":4658,"date":"2025-03-11T10:52:43","date_gmt":"2025-03-11T15:52:43","guid":{"rendered":"https:\/\/joicestore.com\/?post_type=product&#038;p=4658"},"modified":"2025-11-28T18:28:18","modified_gmt":"2025-11-28T23:28:18","slug":"camisera-corta-2","status":"publish","type":"product","link":"https:\/\/joicestore.com\/en\/product\/camisera-corta-2\/","title":{"rendered":"Camisa manga larga silueta semiajustada"},"content":{"rendered":"","protected":false},"excerpt":{"rendered":"<p><span data-sheets-formula=\"=CONCATENAR(R[0]C[1]:R[0]C[13])\" data-sheets-userformat=\"{&quot;2&quot;:14594,&quot;4&quot;:{&quot;1&quot;:2,&quot;2&quot;:16777215},&quot;11&quot;:3,&quot;14&quot;:{&quot;1&quot;:2,&quot;2&quot;:0},&quot;15&quot;:&quot;Montserrat&quot;,&quot;16&quot;:11}\" data-sheets-value=\"{&quot;1&quot;:2,&quot;2&quot;:&quot;Camiseta manga larga silueta ampliapara mujer. Elaborada en chal\u00eds. Ideal para una ocasi\u00f3n especial como salir con tu persona favorita y verte fabulosa.\\r\\nAcomp\u00e1\u00f1alo con un pantal\u00f3n ajustado y con tenis o tacones para transformar tu look de acuerdo a la ocasi\u00f3n.Caracter\u00edsticas: - Cuello camisero. - Manga larga enresortada. La modelo mide 1.65 mt y usa talla S&quot;}\">Elaborada en lino con grabados en tejido.<\/span><\/p>\n<p><span data-sheets-formula=\"=CONCATENAR(R[0]C[1]:R[0]C[13])\" data-sheets-userformat=\"{&quot;2&quot;:14594,&quot;4&quot;:{&quot;1&quot;:2,&quot;2&quot;:16777215},&quot;11&quot;:3,&quot;14&quot;:{&quot;1&quot;:2,&quot;2&quot;:0},&quot;15&quot;:&quot;Montserrat&quot;,&quot;16&quot;:11}\" data-sheets-value=\"{&quot;1&quot;:2,&quot;2&quot;:&quot;Camiseta manga larga silueta ampliapara mujer. Elaborada en chal\u00eds. Ideal para una ocasi\u00f3n especial como salir con tu persona favorita y verte fabulosa.\\r\\nAcomp\u00e1\u00f1alo con un pantal\u00f3n ajustado y con tenis o tacones para transformar tu look de acuerdo a la ocasi\u00f3n.Caracter\u00edsticas: - Cuello camisero. - Manga larga enresortada. La modelo mide 1.65 mt y usa talla S&quot;}\">Esta blusa blanca de lino destaca por su dise\u00f1o elegante y femenino, combinando materiales ligeros con detalles sofisticados. Su corte holgado y fluido la convierte en una prenda c\u00f3moda y vers\u00e1til para diversas ocasiones.<\/span><\/p>\n","protected":false},"featured_media":5414,"template":"","meta":{"site-sidebar-layout":"default","site-content-layout":"","ast-site-content-layout":"default","site-content-style":"default","site-sidebar-style":"default","ast-global-header-display":"","ast-banner-title-visibility":"","ast-main-header-display":"","ast-hfb-above-header-display":"","ast-hfb-below-header-display":"","ast-hfb-mobile-header-display":"","site-post-title":"","ast-breadcrumbs-content":"","ast-featured-img":"","footer-sml-layout":"","ast-disable-related-posts":"","theme-transparent-header-meta":"default","adv-header-id-meta":"","stick-header-meta":"","header-above-stick-meta":"","header-main-stick-meta":"","header-below-stick-meta":"","astra-migrate-meta-layouts":"set","ast-page-background-enabled":"default","ast-page-background-meta":{"desktop":{"background-color":"","background-image":"","background-repeat":"repeat","background-position":"center center","background-size":"auto","background-attachment":"scroll","background-type":"","background-media":"","overlay-type":"","overlay-color":"","overlay-opacity":"","overlay-gradient":""},"tablet":{"background-color":"","background-image":"","background-repeat":"repeat","background-position":"center center","background-size":"auto","background-attachment":"scroll","background-type":"","background-media":"","overlay-type":"","overlay-color":"","overlay-opacity":"","overlay-gradient":""},"mobile":{"background-color":"","background-image":"","background-repeat":"repeat","background-position":"center center","background-size":"auto","background-attachment":"scroll","background-type":"","background-media":"","overlay-type":"","overlay-color":"","overlay-opacity":"","overlay-gradient":""}},"ast-content-background-meta":{"desktop":{"background-color":"var(--ast-global-color-5)","background-image":"","background-repeat":"repeat","background-position":"center center","background-size":"auto","background-attachment":"scroll","background-type":"","background-media":"","overlay-type":"","overlay-color":"","overlay-opacity":"","overlay-gradient":""},"tablet":{"background-color":"var(--ast-global-color-5)","background-image":"","background-repeat":"repeat","background-position":"center center","background-size":"auto","background-attachment":"scroll","background-type":"","background-media":"","overlay-type":"","overlay-color":"","overlay-opacity":"","overlay-gradient":""},"mobile":{"background-color":"var(--ast-global-color-5)","background-image":"","background-repeat":"repeat","background-position":"center center","background-size":"auto","background-attachment":"scroll","background-type":"","background-media":"","overlay-type":"","overlay-color":"","overlay-opacity":"","overlay-gradient":""}}},"product_brand":[],"product_cat":[110,68],"product_tag":[],"class_list":{"0":"post-4658","1":"product","2":"type-product","3":"status-publish","4":"has-post-thumbnail","6":"product_cat-blusas","7":"product_cat-mujer","8":"pa_talla-s","9":"pa_talla-xl","10":"desktop-align-center","11":"tablet-align-center","12":"mobile-align-center","14":"first","15":"instock","16":"taxable","17":"shipping-taxable","18":"product-type-variable"},"_links":{"self":[{"href":"https:\/\/joicestore.com\/en\/wp-json\/wp\/v2\/product\/4658","targetHints":{"allow":["GET"]}}],"collection":[{"href":"https:\/\/joicestore.com\/en\/wp-json\/wp\/v2\/product"}],"about":[{"href":"https:\/\/joicestore.com\/en\/wp-json\/wp\/v2\/types\/product"}],"wp:featuredmedia":[{"embeddable":true,"href":"https:\/\/joicestore.com\/en\/wp-json\/wp\/v2\/media\/5414"}],"wp:attachment":[{"href":"https:\/\/joicestore.com\/en\/wp-json\/wp\/v2\/media?parent=4658"}],"wp:term":[{"taxonomy":"product_brand","embeddable":true,"href":"https:\/\/joicestore.com\/en\/wp-json\/wp\/v2\/product_brand?post=4658"},{"taxonomy":"product_cat","embeddable":true,"href":"https:\/\/joicestore.com\/en\/wp-json\/wp\/v2\/product_cat?post=4658"},{"taxonomy":"product_tag","embeddable":true,"href":"https:\/\/joicestore.com\/en\/wp-json\/wp\/v2\/product_tag?post=4658"}],"curies":[{"name":"wp","href":"https:\/\/api.w.org\/{rel}","templated":true}]}}