{"id":4806,"date":"2025-03-18T17:17:53","date_gmt":"2025-03-18T22:17:53","guid":{"rendered":"https:\/\/joicestore.com\/?post_type=product&#038;p=4806"},"modified":"2026-04-06T14:24:33","modified_gmt":"2026-04-06T19:24:33","slug":"leggins-con-faja-negro-mate-skinny-con-zipper","status":"publish","type":"product","link":"https:\/\/joicestore.com\/en\/product\/leggins-con-faja-negro-mate-skinny-con-zipper\/","title":{"rendered":"Leggins moldeador con faja Negro mate skinny con zipper"},"content":{"rendered":"<h4>Incre\u00edbles leggins con faja color negro skinny!<\/h4>\n<p>&nbsp;<\/p>\n<p style=\"text-align: left;\"><a href=\"https:\/\/joicestore.com\/en\/product-category\/mujer\/accesorios-para-dama\/\"><strong>Accesorios para Ellas<\/strong><\/a><\/p>\n<p><a href=\"https:\/\/www.instagram.com\/joice_store_pa\/\" target=\"_blank\" rel=\"noopener\"><img decoding=\"async\" class=\"alignnone wp-image-4044\" src=\"https:\/\/joicestore.com\/wp-content\/uploads\/2024\/10\/IG-logo.jpg\" alt=\"\" width=\"30\" height=\"28\" srcset=\"https:\/\/joicestore.com\/wp-content\/uploads\/2024\/10\/IG-logo.jpg 204w, https:\/\/joicestore.com\/wp-content\/uploads\/2024\/10\/IG-logo-13x12.jpg 13w, https:\/\/joicestore.com\/wp-content\/uploads\/2024\/10\/IG-logo-96x90.jpg 96w\" sizes=\"(max-width: 30px) 100vw, 30px\" \/><\/a> <a href=\"https:\/\/www.instagram.com\/joice_store_pa\/\" target=\"_blank\" rel=\"noopener\"><strong>joice_store_pa<\/strong><\/a><\/p>","protected":false},"excerpt":{"rendered":"<p>Estos leggins son de tela gruesa Suplex que comprime, adicional cuentan con una faja incorporada que resalta y estiliza tu figura.<\/p>\n<p>Su color negro mate es perfecto para cualquier ocasi\u00f3n y la compresi\u00f3n del abdomen est\u00e1 garantizada con su tiro alto y cierre de zipper. Ya sea para ir al gimnasio, una salida casual o simplemente para estar en casa, estos leggins son la elecci\u00f3n ideal.<\/p>\n<p>As\u00ed que, si buscas estilo y confort, \u00a1no dudes en llevarte tus leggins skinny con faja color negro! \u00a1Te van a encantar!<\/p>","protected":false},"featured_media":5030,"template":"","meta":{"site-sidebar-layout":"default","site-content-layout":"","ast-site-content-layout":"default","site-content-style":"default","site-sidebar-style":"default","ast-global-header-display":"","ast-banner-title-visibility":"","ast-main-header-display":"","ast-hfb-above-header-display":"","ast-hfb-below-header-display":"","ast-hfb-mobile-header-display":"","site-post-title":"","ast-breadcrumbs-content":"","ast-featured-img":"","footer-sml-layout":"","ast-disable-related-posts":"","theme-transparent-header-meta":"default","adv-header-id-meta":"","stick-header-meta":"","header-above-stick-meta":"","header-main-stick-meta":"","header-below-stick-meta":"","astra-migrate-meta-layouts":"set","ast-page-background-enabled":"default","ast-page-background-meta":{"desktop":{"background-color":"","background-image":"","background-repeat":"repeat","background-position":"center center","background-size":"auto","background-attachment":"scroll","background-type":"","background-media":"","overlay-type":"","overlay-color":"","overlay-opacity":"","overlay-gradient":""},"tablet":{"background-color":"","background-image":"","background-repeat":"repeat","background-position":"center center","background-size":"auto","background-attachment":"scroll","background-type":"","background-media":"","overlay-type":"","overlay-color":"","overlay-opacity":"","overlay-gradient":""},"mobile":{"background-color":"","background-image":"","background-repeat":"repeat","background-position":"center center","background-size":"auto","background-attachment":"scroll","background-type":"","background-media":"","overlay-type":"","overlay-color":"","overlay-opacity":"","overlay-gradient":""}},"ast-content-background-meta":{"desktop":{"background-color":"var(--ast-global-color-5)","background-image":"","background-repeat":"repeat","background-position":"center center","background-size":"auto","background-attachment":"scroll","background-type":"","background-media":"","overlay-type":"","overlay-color":"","overlay-opacity":"","overlay-gradient":""},"tablet":{"background-color":"var(--ast-global-color-5)","background-image":"","background-repeat":"repeat","background-position":"center center","background-size":"auto","background-attachment":"scroll","background-type":"","background-media":"","overlay-type":"","overlay-color":"","overlay-opacity":"","overlay-gradient":""},"mobile":{"background-color":"var(--ast-global-color-5)","background-image":"","background-repeat":"repeat","background-position":"center center","background-size":"auto","background-attachment":"scroll","background-type":"","background-media":"","overlay-type":"","overlay-color":"","overlay-opacity":"","overlay-gradient":""}}},"product_brand":[],"product_cat":[106,68],"product_tag":[],"class_list":{"0":"post-4806","1":"product","2":"type-product","3":"status-publish","4":"has-post-thumbnail","6":"product_cat-leggings-levanta-cola","7":"product_cat-mujer","8":"pa_talla-s","9":"pa_talla-m","10":"pa_talla-l","11":"pa_talla-xl","12":"desktop-align-center","13":"tablet-align-center","14":"mobile-align-center","16":"first","17":"instock","18":"taxable","19":"shipping-taxable","20":"purchasable","21":"product-type-variable"},"_links":{"self":[{"href":"https:\/\/joicestore.com\/en\/wp-json\/wp\/v2\/product\/4806","targetHints":{"allow":["GET"]}}],"collection":[{"href":"https:\/\/joicestore.com\/en\/wp-json\/wp\/v2\/product"}],"about":[{"href":"https:\/\/joicestore.com\/en\/wp-json\/wp\/v2\/types\/product"}],"wp:featuredmedia":[{"embeddable":true,"href":"https:\/\/joicestore.com\/en\/wp-json\/wp\/v2\/media\/5030"}],"wp:attachment":[{"href":"https:\/\/joicestore.com\/en\/wp-json\/wp\/v2\/media?parent=4806"}],"wp:term":[{"taxonomy":"product_brand","embeddable":true,"href":"https:\/\/joicestore.com\/en\/wp-json\/wp\/v2\/product_brand?post=4806"},{"taxonomy":"product_cat","embeddable":true,"href":"https:\/\/joicestore.com\/en\/wp-json\/wp\/v2\/product_cat?post=4806"},{"taxonomy":"product_tag","embeddable":true,"href":"https:\/\/joicestore.com\/en\/wp-json\/wp\/v2\/product_tag?post=4806"}],"curies":[{"name":"wp","href":"https:\/\/api.w.org\/{rel}","templated":true}]}}