{"id":5284,"date":"2025-05-02T10:22:37","date_gmt":"2025-05-02T15:22:37","guid":{"rendered":"https:\/\/joicestore.com\/?post_type=product&#038;p=5284"},"modified":"2026-04-01T18:16:10","modified_gmt":"2026-04-01T23:16:10","slug":"vestido-corto-duos","status":"publish","type":"product","link":"https:\/\/joicestore.com\/en\/product\/vestido-corto-duos\/","title":{"rendered":"Vestido corto Duos silueta semiajustada"},"content":{"rendered":"","protected":false},"excerpt":{"rendered":"<p data-start=\"141\" data-end=\"533\">Este vestido est\u00e1 confeccionado en una tela ligera y fresca, ideal para climas c\u00e1lidos o looks casuales. Cuenta con mangas largas con detalles calados, botonadura frontal completa y un cintur\u00f3n del mismo material que permite ajustar la cintura para un look m\u00e1s estilizado.<\/p>\n<p data-start=\"535\" data-end=\"567\"><strong data-start=\"535\" data-end=\"567\">Modo de uso y combinaciones:<\/strong><\/p>\n<ul data-start=\"569\" data-end=\"888\">\n<li data-start=\"569\" data-end=\"670\"><strong data-start=\"571\" data-end=\"587\">Look casual:<\/strong>\u00a0Comb\u00ednalo con sandalias planas y un bolso de rafia; a\u00f1ade accesorios minimalistas.<\/li>\n<li data-start=\"671\" data-end=\"785\"><strong data-start=\"673\" data-end=\"693\">Estilo elegante:<\/strong>\u00a0Usa tacones nude o met\u00e1licos, un bolso estructurado y joyer\u00eda dorada o plateada para cenas.<\/li>\n<li data-start=\"786\" data-end=\"888\"><strong data-start=\"788\" data-end=\"807\">Opci\u00f3n playera:<\/strong>\u00a0Ideal como salida de ba\u00f1o sobre un bikini, con sandalias y gafas de sol grandes.<\/li>\n<\/ul>","protected":false},"featured_media":5424,"template":"","meta":{"site-sidebar-layout":"default","site-content-layout":"","ast-site-content-layout":"default","site-content-style":"default","site-sidebar-style":"default","ast-global-header-display":"","ast-banner-title-visibility":"","ast-main-header-display":"","ast-hfb-above-header-display":"","ast-hfb-below-header-display":"","ast-hfb-mobile-header-display":"","site-post-title":"","ast-breadcrumbs-content":"","ast-featured-img":"","footer-sml-layout":"","ast-disable-related-posts":"","theme-transparent-header-meta":"default","adv-header-id-meta":"","stick-header-meta":"","header-above-stick-meta":"","header-main-stick-meta":"","header-below-stick-meta":"","astra-migrate-meta-layouts":"set","ast-page-background-enabled":"default","ast-page-background-meta":{"desktop":{"background-color":"","background-image":"","background-repeat":"repeat","background-position":"center center","background-size":"auto","background-attachment":"scroll","background-type":"","background-media":"","overlay-type":"","overlay-color":"","overlay-opacity":"","overlay-gradient":""},"tablet":{"background-color":"","background-image":"","background-repeat":"repeat","background-position":"center center","background-size":"auto","background-attachment":"scroll","background-type":"","background-media":"","overlay-type":"","overlay-color":"","overlay-opacity":"","overlay-gradient":""},"mobile":{"background-color":"","background-image":"","background-repeat":"repeat","background-position":"center center","background-size":"auto","background-attachment":"scroll","background-type":"","background-media":"","overlay-type":"","overlay-color":"","overlay-opacity":"","overlay-gradient":""}},"ast-content-background-meta":{"desktop":{"background-color":"var(--ast-global-color-5)","background-image":"","background-repeat":"repeat","background-position":"center center","background-size":"auto","background-attachment":"scroll","background-type":"","background-media":"","overlay-type":"","overlay-color":"","overlay-opacity":"","overlay-gradient":""},"tablet":{"background-color":"var(--ast-global-color-5)","background-image":"","background-repeat":"repeat","background-position":"center center","background-size":"auto","background-attachment":"scroll","background-type":"","background-media":"","overlay-type":"","overlay-color":"","overlay-opacity":"","overlay-gradient":""},"mobile":{"background-color":"var(--ast-global-color-5)","background-image":"","background-repeat":"repeat","background-position":"center center","background-size":"auto","background-attachment":"scroll","background-type":"","background-media":"","overlay-type":"","overlay-color":"","overlay-opacity":"","overlay-gradient":""}}},"product_brand":[],"product_cat":[138,68],"product_tag":[],"class_list":{"0":"post-5284","1":"product","2":"type-product","3":"status-publish","4":"has-post-thumbnail","6":"product_cat-vestidos","7":"product_cat-mujer","8":"pa_talla-l","9":"pa_talla-xl","10":"desktop-align-center","11":"tablet-align-center","12":"mobile-align-center","14":"first","15":"instock","16":"taxable","17":"shipping-taxable","18":"product-type-variable"},"_links":{"self":[{"href":"https:\/\/joicestore.com\/en\/wp-json\/wp\/v2\/product\/5284","targetHints":{"allow":["GET"]}}],"collection":[{"href":"https:\/\/joicestore.com\/en\/wp-json\/wp\/v2\/product"}],"about":[{"href":"https:\/\/joicestore.com\/en\/wp-json\/wp\/v2\/types\/product"}],"wp:featuredmedia":[{"embeddable":true,"href":"https:\/\/joicestore.com\/en\/wp-json\/wp\/v2\/media\/5424"}],"wp:attachment":[{"href":"https:\/\/joicestore.com\/en\/wp-json\/wp\/v2\/media?parent=5284"}],"wp:term":[{"taxonomy":"product_brand","embeddable":true,"href":"https:\/\/joicestore.com\/en\/wp-json\/wp\/v2\/product_brand?post=5284"},{"taxonomy":"product_cat","embeddable":true,"href":"https:\/\/joicestore.com\/en\/wp-json\/wp\/v2\/product_cat?post=5284"},{"taxonomy":"product_tag","embeddable":true,"href":"https:\/\/joicestore.com\/en\/wp-json\/wp\/v2\/product_tag?post=5284"}],"curies":[{"name":"wp","href":"https:\/\/api.w.org\/{rel}","templated":true}]}}