{"id":5289,"date":"2025-05-02T11:27:28","date_gmt":"2025-05-02T16:27:28","guid":{"rendered":"https:\/\/joicestore.com\/?post_type=product&#038;p=5289"},"modified":"2025-09-06T16:32:11","modified_gmt":"2025-09-06T21:32:11","slug":"enterizo-largo-con-tiras","status":"publish","type":"product","link":"https:\/\/joicestore.com\/en\/product\/enterizo-largo-con-tiras\/","title":{"rendered":"Enterizo largo silueta semiajustada en chalis"},"content":{"rendered":"<p><a href=\"https:\/\/joicestore.com\/en\/product-category\/mujer\/\"><strong>Ropa Para Ellas<\/strong><\/a><\/p>\n<p><a href=\"https:\/\/www.instagram.com\/joice_store_pa\/\" target=\"_blank\" rel=\"noopener\"><img decoding=\"async\" class=\"alignnone wp-image-4044\" src=\"https:\/\/joicestore.com\/wp-content\/uploads\/2024\/10\/IG-logo.jpg\" alt=\"\" width=\"30\" height=\"28\" srcset=\"https:\/\/joicestore.com\/wp-content\/uploads\/2024\/10\/IG-logo.jpg 204w, https:\/\/joicestore.com\/wp-content\/uploads\/2024\/10\/IG-logo-13x12.jpg 13w, https:\/\/joicestore.com\/wp-content\/uploads\/2024\/10\/IG-logo-96x90.jpg 96w\" sizes=\"(max-width: 30px) 100vw, 30px\" \/><\/a> <a href=\"https:\/\/www.instagram.com\/joice_store_pa\/\" target=\"_blank\" rel=\"noopener\"><strong>joice_store_pa<\/strong><\/a><\/p>","protected":false},"excerpt":{"rendered":"<p>Este enterizo largo de silueta semiajustada es la elecci\u00f3n perfecta para lucir elegante y c\u00f3moda. Elaborado en chal\u00eds con elongaci\u00f3n, cuenta con un dise\u00f1o que realza la figura y te brinda la libertad de movimiento. Ideal para una tarde con amigas, un paseo familiar o simplemente para sentirte c\u00f3moda y estilizada en tu d\u00eda a d\u00eda.<\/p>","protected":false},"featured_media":5419,"template":"","meta":{"site-sidebar-layout":"default","site-content-layout":"","ast-site-content-layout":"default","site-content-style":"default","site-sidebar-style":"default","ast-global-header-display":"","ast-banner-title-visibility":"","ast-main-header-display":"","ast-hfb-above-header-display":"","ast-hfb-below-header-display":"","ast-hfb-mobile-header-display":"","site-post-title":"","ast-breadcrumbs-content":"","ast-featured-img":"","footer-sml-layout":"","ast-disable-related-posts":"","theme-transparent-header-meta":"default","adv-header-id-meta":"","stick-header-meta":"","header-above-stick-meta":"","header-main-stick-meta":"","header-below-stick-meta":"","astra-migrate-meta-layouts":"set","ast-page-background-enabled":"default","ast-page-background-meta":{"desktop":{"background-color":"","background-image":"","background-repeat":"repeat","background-position":"center center","background-size":"auto","background-attachment":"scroll","background-type":"","background-media":"","overlay-type":"","overlay-color":"","overlay-opacity":"","overlay-gradient":""},"tablet":{"background-color":"","background-image":"","background-repeat":"repeat","background-position":"center center","background-size":"auto","background-attachment":"scroll","background-type":"","background-media":"","overlay-type":"","overlay-color":"","overlay-opacity":"","overlay-gradient":""},"mobile":{"background-color":"","background-image":"","background-repeat":"repeat","background-position":"center center","background-size":"auto","background-attachment":"scroll","background-type":"","background-media":"","overlay-type":"","overlay-color":"","overlay-opacity":"","overlay-gradient":""}},"ast-content-background-meta":{"desktop":{"background-color":"var(--ast-global-color-5)","background-image":"","background-repeat":"repeat","background-position":"center center","background-size":"auto","background-attachment":"scroll","background-type":"","background-media":"","overlay-type":"","overlay-color":"","overlay-opacity":"","overlay-gradient":""},"tablet":{"background-color":"var(--ast-global-color-5)","background-image":"","background-repeat":"repeat","background-position":"center center","background-size":"auto","background-attachment":"scroll","background-type":"","background-media":"","overlay-type":"","overlay-color":"","overlay-opacity":"","overlay-gradient":""},"mobile":{"background-color":"var(--ast-global-color-5)","background-image":"","background-repeat":"repeat","background-position":"center center","background-size":"auto","background-attachment":"scroll","background-type":"","background-media":"","overlay-type":"","overlay-color":"","overlay-opacity":"","overlay-gradient":""}}},"product_brand":[],"product_cat":[105,68],"product_tag":[],"class_list":{"0":"post-5289","1":"product","2":"type-product","3":"status-publish","4":"has-post-thumbnail","6":"product_cat-enterizos","7":"product_cat-mujer","8":"pa_talla-m","9":"pa_talla-s","10":"pa_talla-xl","11":"desktop-align-center","12":"tablet-align-center","13":"mobile-align-center","15":"first","16":"instock","17":"taxable","18":"shipping-taxable","19":"purchasable","20":"product-type-variable"},"_links":{"self":[{"href":"https:\/\/joicestore.com\/en\/wp-json\/wp\/v2\/product\/5289","targetHints":{"allow":["GET"]}}],"collection":[{"href":"https:\/\/joicestore.com\/en\/wp-json\/wp\/v2\/product"}],"about":[{"href":"https:\/\/joicestore.com\/en\/wp-json\/wp\/v2\/types\/product"}],"wp:featuredmedia":[{"embeddable":true,"href":"https:\/\/joicestore.com\/en\/wp-json\/wp\/v2\/media\/5419"}],"wp:attachment":[{"href":"https:\/\/joicestore.com\/en\/wp-json\/wp\/v2\/media?parent=5289"}],"wp:term":[{"taxonomy":"product_brand","embeddable":true,"href":"https:\/\/joicestore.com\/en\/wp-json\/wp\/v2\/product_brand?post=5289"},{"taxonomy":"product_cat","embeddable":true,"href":"https:\/\/joicestore.com\/en\/wp-json\/wp\/v2\/product_cat?post=5289"},{"taxonomy":"product_tag","embeddable":true,"href":"https:\/\/joicestore.com\/en\/wp-json\/wp\/v2\/product_tag?post=5289"}],"curies":[{"name":"wp","href":"https:\/\/api.w.org\/{rel}","templated":true}]}}