{"id":5777,"date":"2025-06-20T16:11:48","date_gmt":"2025-06-20T21:11:48","guid":{"rendered":"https:\/\/joicestore.com\/?post_type=product&#038;p=5777"},"modified":"2026-02-21T18:17:43","modified_gmt":"2026-02-21T23:17:43","slug":"jeans-levanta-cola-azul-oscuro-skinny","status":"publish","type":"product","link":"https:\/\/joicestore.com\/en\/product\/jeans-levanta-cola-azul-oscuro-skinny\/","title":{"rendered":"Jeans Levanta cola Azul Oscuro skinny"},"content":{"rendered":"<h5 style=\"text-align: center;\">Si est\u00e1s buscando la combinaci\u00f3n perfecta de estilo y comodidad, no busques m\u00e1s. Te presentamos los Jeans Levanta cola skinny<\/h5>\n<p>&nbsp;<\/p>\n<p>Lo mejor de todo es que lo puedes recibir c\u00f3modamente en la puerta de tu casa, ya sea en Panam\u00e1 o en los Estados Unidos.<\/p>\n<p>&nbsp;<\/p>\n<p style=\"text-align: left;\"><a href=\"https:\/\/joicestore.com\/en\/product-category\/mujer\/accesorios-para-dama\/\"><strong>Accesorios para Ellas<\/strong><\/a><\/p>\n<p><a href=\"https:\/\/www.instagram.com\/joice_store_pa\/\" target=\"_blank\" rel=\"noopener\"><img decoding=\"async\" class=\"alignnone wp-image-4044\" src=\"https:\/\/joicestore.com\/wp-content\/uploads\/2024\/10\/IG-logo.jpg\" alt=\"\" width=\"30\" height=\"28\" srcset=\"https:\/\/joicestore.com\/wp-content\/uploads\/2024\/10\/IG-logo.jpg 204w, https:\/\/joicestore.com\/wp-content\/uploads\/2024\/10\/IG-logo-13x12.jpg 13w, https:\/\/joicestore.com\/wp-content\/uploads\/2024\/10\/IG-logo-96x90.jpg 96w\" sizes=\"(max-width: 30px) 100vw, 30px\" \/><\/a> <a href=\"https:\/\/www.instagram.com\/joice_store_pa\/\" target=\"_blank\" rel=\"noopener\"><strong>joice_store_pa<\/strong><\/a><\/p>","protected":false},"excerpt":{"rendered":"<p>Fabricados en Colombia, estos jeans est\u00e1n ce\u00f1idos al cuerpo, brindando un ajuste perfecto que te har\u00e1 sentir segura y fabulosa en cualquier ocasi\u00f3n. Ya sea para un d\u00eda de compras o una salida con amigos, estos jeans levanta cola son la elecci\u00f3n ideal.<\/p>","protected":false},"featured_media":6571,"template":"","meta":{"site-sidebar-layout":"default","site-content-layout":"","ast-site-content-layout":"default","site-content-style":"default","site-sidebar-style":"default","ast-global-header-display":"","ast-banner-title-visibility":"","ast-main-header-display":"","ast-hfb-above-header-display":"","ast-hfb-below-header-display":"","ast-hfb-mobile-header-display":"","site-post-title":"","ast-breadcrumbs-content":"","ast-featured-img":"","footer-sml-layout":"","ast-disable-related-posts":"","theme-transparent-header-meta":"default","adv-header-id-meta":"","stick-header-meta":"","header-above-stick-meta":"","header-main-stick-meta":"","header-below-stick-meta":"","astra-migrate-meta-layouts":"set","ast-page-background-enabled":"default","ast-page-background-meta":{"desktop":{"background-color":"","background-image":"","background-repeat":"repeat","background-position":"center center","background-size":"auto","background-attachment":"scroll","background-type":"","background-media":"","overlay-type":"","overlay-color":"","overlay-opacity":"","overlay-gradient":""},"tablet":{"background-color":"","background-image":"","background-repeat":"repeat","background-position":"center center","background-size":"auto","background-attachment":"scroll","background-type":"","background-media":"","overlay-type":"","overlay-color":"","overlay-opacity":"","overlay-gradient":""},"mobile":{"background-color":"","background-image":"","background-repeat":"repeat","background-position":"center center","background-size":"auto","background-attachment":"scroll","background-type":"","background-media":"","overlay-type":"","overlay-color":"","overlay-opacity":"","overlay-gradient":""}},"ast-content-background-meta":{"desktop":{"background-color":"var(--ast-global-color-5)","background-image":"","background-repeat":"repeat","background-position":"center center","background-size":"auto","background-attachment":"scroll","background-type":"","background-media":"","overlay-type":"","overlay-color":"","overlay-opacity":"","overlay-gradient":""},"tablet":{"background-color":"var(--ast-global-color-5)","background-image":"","background-repeat":"repeat","background-position":"center center","background-size":"auto","background-attachment":"scroll","background-type":"","background-media":"","overlay-type":"","overlay-color":"","overlay-opacity":"","overlay-gradient":""},"mobile":{"background-color":"var(--ast-global-color-5)","background-image":"","background-repeat":"repeat","background-position":"center center","background-size":"auto","background-attachment":"scroll","background-type":"","background-media":"","overlay-type":"","overlay-color":"","overlay-opacity":"","overlay-gradient":""}}},"product_brand":[],"product_cat":[68,160],"product_tag":[],"class_list":{"0":"post-5777","1":"product","2":"type-product","3":"status-publish","4":"has-post-thumbnail","6":"product_cat-mujer","7":"product_cat-ofertas","8":"pa_talla-113","9":"pa_talla-114","10":"desktop-align-center","11":"tablet-align-center","12":"mobile-align-center","14":"first","15":"instock","16":"sale","17":"taxable","18":"shipping-taxable","19":"purchasable","20":"product-type-variable"},"_links":{"self":[{"href":"https:\/\/joicestore.com\/en\/wp-json\/wp\/v2\/product\/5777","targetHints":{"allow":["GET"]}}],"collection":[{"href":"https:\/\/joicestore.com\/en\/wp-json\/wp\/v2\/product"}],"about":[{"href":"https:\/\/joicestore.com\/en\/wp-json\/wp\/v2\/types\/product"}],"wp:featuredmedia":[{"embeddable":true,"href":"https:\/\/joicestore.com\/en\/wp-json\/wp\/v2\/media\/6571"}],"wp:attachment":[{"href":"https:\/\/joicestore.com\/en\/wp-json\/wp\/v2\/media?parent=5777"}],"wp:term":[{"taxonomy":"product_brand","embeddable":true,"href":"https:\/\/joicestore.com\/en\/wp-json\/wp\/v2\/product_brand?post=5777"},{"taxonomy":"product_cat","embeddable":true,"href":"https:\/\/joicestore.com\/en\/wp-json\/wp\/v2\/product_cat?post=5777"},{"taxonomy":"product_tag","embeddable":true,"href":"https:\/\/joicestore.com\/en\/wp-json\/wp\/v2\/product_tag?post=5777"}],"curies":[{"name":"wp","href":"https:\/\/api.w.org\/{rel}","templated":true}]}}